{"id":3,"date":"2021-07-06T15:06:43","date_gmt":"2021-07-06T13:06:43","guid":{"rendered":"https:\/\/www.wordpress-maintenance.org\/?page_id=3"},"modified":"2021-11-17T14:23:06","modified_gmt":"2021-11-17T13:23:06","slug":"politique-de-confidentialite","status":"publish","type":"page","link":"https:\/\/w-maintenance.pro\/it\/informativa-sulla-privacy\/","title":{"rendered":"Informativa sulla privacy"},"content":{"rendered":"[et_pb_section fb_built=\u00a0\u00bb1\u2033 admin_label=\u00a0\u00bbsezione\u00a0\u00bb _builder_version=\u00a0\u00bb3.22\u2033 global_colors_info=\u00a0\u00bb{}\u00a0\u00bb][et_pb_row admin_label=\u00a0\u00bbriga\u00a0\u00bb _builder_version=\u00a0\u00bb3.25\u2033 background_size=\u00a0\u00bbinitial\u00a0\u00bb background_position=\u00a0\u00bbtop_left\u00a0\u00bb background_repeat=\u00a0\u00bbrepeat\u00a0\u00bb global_colors_info=\u00a0\u00bb{}\u00a0\u00bb][et_pb_column type=\u00a0\u00bb4_4\u2033 _builder_version=\u00a0\u00bb3.25\u2033 custom_padding=\u00a0\u00bb|||\u00a0\u00bb global_colors_info=\u00a0\u00bb{}\u00a0\u00bb custom_padding__hover=\u00a0\u00bb|||\u00a0\u00bb][et_pb_text admin_label=\u00a0\u00bbTesto\u00a0\u00bb _builder_version=\u00a0\u00bb4.13.1\u2033 background_size=\u00a0\u00bbinitial\u00a0\u00bb background_position=\u00a0\u00bbtop_left\u00a0\u00bb background_repeat=\u00a0\u00bbrepeat\u00a0\u00bb hover_enabled=\u00a0\u00bb0\u2033 global_colors_info=\u00a0\u00bb{}\u00a0\u00bb sticky_enabled=\u00a0\u00bb0\u2033]<p><\/p>\n<h2 class=\"wp-block-heading\">Chi siamo?<\/h2>\n<p><strong class=\"privacy-policy-tutorial\">\u00a0<\/strong>L'indirizzo del nostro sito web \u00e8 : <a href=\"https:\/\/w-maintenance.pro\/it\/\">https:\/\/w-maintenance.pro<\/a>.<\/p>\n<p><\/p>\n<h2 class=\"wp-block-heading\">Commenti<\/h2>\n<p><strong class=\"privacy-policy-tutorial\">\u00a0<\/strong>Quando lasciate un commento sul nostro sito, i dati inseriti nel modulo di commento, il vostro indirizzo IP e l'user agent del vostro browser vengono raccolti per aiutarci a individuare i commenti indesiderati.<\/p>\n<p>Una stringa anonima creata a partire dal vostro indirizzo e-mail (nota anche come hash) pu\u00f2 essere inviata al servizio Gravatar per verificare se lo state utilizzando. Le clausole di riservatezza del servizio Gravatar sono disponibili qui: https:\/\/automattic.com\/privacy\/. Una volta convalidato il commento, la foto del profilo sar\u00e0 visibile pubblicamente insieme al commento.<\/p>\n<p><\/p>\n<h2 class=\"wp-block-heading\">Media<\/h2>\n<p><strong class=\"privacy-policy-tutorial\">\u00a0<\/strong>Se caricate immagini sul sito, vi consigliamo di evitare di caricare immagini contenenti dati EXIF di coordinate GPS. Le persone che visitano il vostro sito potrebbero scaricare ed estrarre i dati di localizzazione da queste immagini.<\/p>\n<p><\/p>\n<h2 class=\"wp-block-heading\">Biscotti<\/h2>\n<p><strong class=\"privacy-policy-tutorial\">\u00a0<\/strong>Se lasciate un commento sul nostro sito, vi verr\u00e0 chiesto di salvare il vostro nome, indirizzo e-mail e sito nei cookie. Questo \u00e8 solo per comodit\u00e0 dell'utente, in modo che non debba inserire queste informazioni se lascia un altro commento in seguito. Questi cookie scadono dopo un anno.<\/p>\n<p>Se si accede alla pagina di login, viene creato un cookie temporaneo per determinare se il browser accetta i cookie. Non contiene dati personali e verr\u00e0 cancellato automaticamente alla chiusura del browser.<\/p>\n<p>Quando si accede, vengono impostati alcuni cookie per registrare le informazioni di accesso e le preferenze dello schermo. La durata di un cookie di connessione \u00e8 di due giorni, quella di un cookie di opzione dello schermo \u00e8 di un anno. Se si seleziona \"Ricordami\", il cookie di connessione viene conservato per due settimane. Se si esce dal proprio account, il cookie di accesso viene cancellato.<\/p>\n<p>Modificando o pubblicando una pubblicazione, un ulteriore cookie verr\u00e0 memorizzato nel vostro browser. Questo cookie non contiene dati personali. Indica semplicemente l'ID della pubblicazione appena modificata. Scade dopo un giorno.<\/p>\n<p><\/p>\n<h2 class=\"wp-block-heading\">Contenuti incorporati da altri siti<\/h2>\n<p>Gli articoli di questo sito possono includere contenuti incorporati (ad esempio video, immagini, articoli, ecc.). I contenuti incorporati provenienti da altri siti si comportano come se il visitatore stesse visitando l'altro sito.<\/p>\n<p>Questi siti web possono raccogliere dati sull'utente, utilizzare cookie, incorporare strumenti di tracciamento di terze parti e tracciare le interazioni dell'utente con questi contenuti incorporati se l'utente ha un account collegato al loro sito web.<\/p>\n<p><\/p>\n<h2 class=\"wp-block-heading\">Utilizzo e trasmissione dei dati personali<\/h2>\n<p><strong class=\"privacy-policy-tutorial\">\u00a0<\/strong>Se si richiede la reimpostazione della password, il proprio indirizzo IP sar\u00e0 incluso nell'e-mail di reimpostazione.<\/p>\n<p><\/p>\n<h2 class=\"wp-block-heading\">Periodi di conservazione dei dati<\/h2>\n<p><strong class=\"privacy-policy-tutorial\">\u00a0<\/strong>Se si lascia un commento, il commento e i suoi metadati vengono conservati a tempo indeterminato. Ci\u00f2 consente di riconoscere e approvare automaticamente i commenti successivi, invece di lasciarli nella coda di moderazione.<\/p>\n<p>Per gli account che si registrano sul nostro sito (ove applicabile), memorizziamo anche i dati personali indicati nel loro profilo. Tutti gli account possono visualizzare, modificare o cancellare i propri dati personali in qualsiasi momento (ad eccezione del proprio ID utente). Anche i gestori del sito possono visualizzare e modificare tali informazioni.<\/p>\n<p><\/p>\n<h2 class=\"wp-block-heading\">I diritti che avete sui vostri dati<\/h2>\n<p>Se avete un account o se avete lasciato commenti sul sito, potete richiedere di ricevere un file contenente tutti i dati personali in nostro possesso, compresi quelli che ci avete fornito. Potete anche richiedere la cancellazione dei vostri dati personali. Sono esclusi i dati memorizzati per scopi amministrativi, legali o di sicurezza.<\/p>\n<p><\/p>\n<h2 class=\"wp-block-heading\">Trasmissione dei dati personali<\/h2>\n<p>I commenti dei visitatori possono essere controllati con un servizio automatico per individuare i commenti indesiderati.<\/p>\n<p><\/p>[\\\/et_pb_text][\\\/et_pb_column][\\\/et_pb_row][\\\/et_pb_section]","protected":false},"excerpt":{"rendered":"<p>Chi siamo? L\u2019indirizzo del nostro sito \u00e8: https:\\\/\\\/w-maintenance.pro. Commenti  Quando lasci un commento sul nostro sito, i dati inseriti nel modulo dei commenti, ma anche il tuo indirizzo IP e lo user agent del tuo browser vengono raccolti per aiutarci a rilevare i commenti indesiderati. Una stringa anonimizzata creata a partire dal tuo [\u2026]<\/p>","protected":false},"author":1,"featured_media":0,"parent":0,"menu_order":0,"comment_status":"closed","ping_status":"open","template":"","meta":{"_et_pb_use_builder":"on","_et_pb_old_content":"<!-- wp:heading --><h2>Qui sommes-nous\u00a0?<\/h2><!-- \/wp:heading --><!-- wp:paragraph --><p><strong class=\"privacy-policy-tutorial\">Texte sugg\u00e9r\u00e9\u00a0: <\/strong>L\u2019adresse de notre site est\u00a0: https:\/\/w-maintenance.pro.<\/p><!-- \/wp:paragraph --><!-- wp:heading --><h2>Commentaires<\/h2><!-- \/wp:heading --><!-- wp:paragraph --><p><strong class=\"privacy-policy-tutorial\">Texte sugg\u00e9r\u00e9\u00a0: <\/strong>Quand vous laissez un commentaire sur notre site, les donn\u00e9es inscrites dans le formulaire de commentaire, mais aussi votre adresse IP et l\u2019agent utilisateur de votre navigateur sont collect\u00e9s pour nous aider \u00e0 la d\u00e9tection des commentaires ind\u00e9sirables.<\/p><!-- \/wp:paragraph --><!-- wp:paragraph --><p>Une cha\u00eene anonymis\u00e9e cr\u00e9\u00e9e \u00e0 partir de votre adresse e-mail (\u00e9galement appel\u00e9e hash) peut \u00eatre envoy\u00e9e au service Gravatar pour v\u00e9rifier si vous utilisez ce dernier. Les clauses de confidentialit\u00e9 du service Gravatar sont disponibles ici\u00a0: https:\/\/automattic.com\/privacy\/. Apr\u00e8s validation de votre commentaire, votre photo de profil sera visible publiquement \u00e0 cot\u00e9 de votre commentaire.<\/p><!-- \/wp:paragraph --><!-- wp:heading --><h2>M\u00e9dias<\/h2><!-- \/wp:heading --><!-- wp:paragraph --><p><strong class=\"privacy-policy-tutorial\">Texte sugg\u00e9r\u00e9\u00a0: <\/strong>Si vous t\u00e9l\u00e9versez des images sur le site, nous vous conseillons d\u2019\u00e9viter de t\u00e9l\u00e9verser des images contenant des donn\u00e9es EXIF de coordonn\u00e9es GPS. Les personnes visitant votre site peuvent t\u00e9l\u00e9charger et extraire des donn\u00e9es de localisation depuis ces images.<\/p><!-- \/wp:paragraph --><!-- wp:heading --><h2>Cookies<\/h2><!-- \/wp:heading --><!-- wp:paragraph --><p><strong class=\"privacy-policy-tutorial\">Texte sugg\u00e9r\u00e9\u00a0: <\/strong>Si vous d\u00e9posez un commentaire sur notre site, il vous sera propos\u00e9 d\u2019enregistrer votre nom, adresse e-mail et site dans des cookies. C\u2019est uniquement pour votre confort afin de ne pas avoir \u00e0 saisir ces informations si vous d\u00e9posez un autre commentaire plus tard. Ces cookies expirent au bout d\u2019un an.<\/p><!-- \/wp:paragraph --><!-- wp:paragraph --><p>Si vous vous rendez sur la page de connexion, un cookie temporaire sera cr\u00e9\u00e9 afin de d\u00e9terminer si votre navigateur accepte les cookies. Il ne contient pas de donn\u00e9es personnelles et sera supprim\u00e9 automatiquement \u00e0 la fermeture de votre navigateur.<\/p><!-- \/wp:paragraph --><!-- wp:paragraph --><p>Lorsque vous vous connecterez, nous mettrons en place un certain nombre de cookies pour enregistrer vos informations de connexion et vos pr\u00e9f\u00e9rences d\u2019\u00e9cran. La dur\u00e9e de vie d\u2019un cookie de connexion est de deux jours, celle d\u2019un cookie d\u2019option d\u2019\u00e9cran est d\u2019un an. Si vous cochez \u00ab\u00a0Se souvenir de moi\u00a0\u00bb, votre cookie de connexion sera conserv\u00e9 pendant deux semaines. Si vous vous d\u00e9connectez de votre compte, le cookie de connexion sera effac\u00e9.<\/p><!-- \/wp:paragraph --><!-- wp:paragraph --><p>En modifiant ou en publiant une publication, un cookie suppl\u00e9mentaire sera enregistr\u00e9 dans votre navigateur. Ce cookie ne comprend aucune donn\u00e9e personnelle. Il indique simplement l\u2019ID de la publication que vous venez de modifier. Il expire au bout d\u2019un jour.<\/p><!-- \/wp:paragraph --><!-- wp:heading --><h2>Contenu embarqu\u00e9 depuis d\u2019autres sites<\/h2><!-- \/wp:heading --><!-- wp:paragraph --><p><strong class=\"privacy-policy-tutorial\">Texte sugg\u00e9r\u00e9\u00a0: <\/strong>Les articles de ce site peuvent inclure des contenus int\u00e9gr\u00e9s (par exemple des vid\u00e9os, images, articles\u2026). Le contenu int\u00e9gr\u00e9 depuis d\u2019autres sites se comporte de la m\u00eame mani\u00e8re que si le visiteur se rendait sur cet autre site.<\/p><!-- \/wp:paragraph --><!-- wp:paragraph --><p>Ces sites web pourraient collecter des donn\u00e9es sur vous, utiliser des cookies, embarquer des outils de suivis tiers, suivre vos interactions avec ces contenus embarqu\u00e9s si vous disposez d\u2019un compte connect\u00e9 sur leur site web.<\/p><!-- \/wp:paragraph --><!-- wp:heading --><h2>Utilisation et transmission de vos donn\u00e9es personnelles<\/h2><!-- \/wp:heading --><!-- wp:paragraph --><p><strong class=\"privacy-policy-tutorial\">Texte sugg\u00e9r\u00e9\u00a0: <\/strong>Si vous demandez une r\u00e9initialisation de votre mot de passe, votre adresse IP sera incluse dans l\u2019e-mail de r\u00e9initialisation.<\/p><!-- \/wp:paragraph --><!-- wp:heading --><h2>Dur\u00e9es de stockage de vos donn\u00e9es<\/h2><!-- \/wp:heading --><!-- wp:paragraph --><p><strong class=\"privacy-policy-tutorial\">Texte sugg\u00e9r\u00e9\u00a0: <\/strong>Si vous laissez un commentaire, le commentaire et ses m\u00e9tadonn\u00e9es sont conserv\u00e9s ind\u00e9finiment. Cela permet de reconna\u00eetre et approuver automatiquement les commentaires suivants au lieu de les laisser dans la file de mod\u00e9ration.<\/p><!-- \/wp:paragraph --><!-- wp:paragraph --><p>Pour les comptes qui s\u2019inscrivent sur notre site (le cas \u00e9ch\u00e9ant), nous stockons \u00e9galement les donn\u00e9es personnelles indiqu\u00e9es dans leur profil. Tous les comptes peuvent voir, modifier ou supprimer leurs informations personnelles \u00e0 tout moment (\u00e0 l\u2019exception de leur identifiant). Les gestionnaires du site peuvent aussi voir et modifier ces informations.<\/p><!-- \/wp:paragraph --><!-- wp:heading --><h2>Les droits que vous avez sur vos donn\u00e9es<\/h2><!-- \/wp:heading --><!-- wp:paragraph --><p><strong class=\"privacy-policy-tutorial\">Texte sugg\u00e9r\u00e9\u00a0: <\/strong>Si vous avez un compte ou si vous avez laiss\u00e9 des commentaires sur le site, vous pouvez demander \u00e0 recevoir un fichier contenant toutes les donn\u00e9es personnelles que nous poss\u00e9dons \u00e0 votre sujet, incluant celles que vous nous avez fournies. Vous pouvez \u00e9galement demander la suppression des donn\u00e9es personnelles vous concernant. Cela ne prend pas en compte les donn\u00e9es stock\u00e9es \u00e0 des fins administratives, l\u00e9gales ou pour des raisons de s\u00e9curit\u00e9.<\/p><!-- \/wp:paragraph --><!-- wp:heading --><h2>Transmission de vos donn\u00e9es personnelles<\/h2><!-- \/wp:heading --><!-- wp:paragraph --><p><strong class=\"privacy-policy-tutorial\">Texte sugg\u00e9r\u00e9\u00a0: <\/strong>Les commentaires des visiteurs peuvent \u00eatre v\u00e9rifi\u00e9s \u00e0 l\u2019aide d\u2019un service automatis\u00e9 de d\u00e9tection des commentaires ind\u00e9sirables.<\/p><!-- \/wp:paragraph -->","_et_gb_content_width":"","footnotes":""},"class_list":["post-3","page","type-page","status-publish","hentry"],"yoast_head":"<!-- This site is optimized with the Yoast SEO plugin v27.4 - https:\/\/yoast.com\/product\/yoast-seo-wordpress\/ -->\n<title>Politique de confidentialit\u00e9 | Maintenance Wordpress |\u00a0Les Experts Wordpress<\/title>\n<meta name=\"robots\" content=\"index, follow, max-snippet:-1, max-image-preview:large, max-video-preview:-1\" \/>\n<link rel=\"canonical\" href=\"https:\/\/w-maintenance.pro\/it\/informativa-sulla-privacy\/\" \/>\n<meta property=\"og:locale\" content=\"it_IT\" \/>\n<meta property=\"og:type\" content=\"article\" \/>\n<meta property=\"og:title\" content=\"Politique de confidentialit\u00e9 | Maintenance Wordpress |\u00a0Les Experts Wordpress\" \/>\n<meta property=\"og:description\" content=\"Qui sommes-nous\u00a0? \u00a0L\u2019adresse de notre site est\u00a0: https:\/\/w-maintenance.pro. Commentaires \u00a0Quand vous laissez un commentaire sur notre site, les donn\u00e9es inscrites dans le formulaire de commentaire, mais aussi votre adresse IP et l\u2019agent utilisateur de votre navigateur sont collect\u00e9s pour nous aider \u00e0 la d\u00e9tection des commentaires ind\u00e9sirables. Une cha\u00eene anonymis\u00e9e cr\u00e9\u00e9e \u00e0 partir de votre [&hellip;]\" \/>\n<meta property=\"og:url\" content=\"https:\/\/w-maintenance.pro\/it\/informativa-sulla-privacy\/\" \/>\n<meta property=\"og:site_name\" content=\"Maintenance Wordpress |\u00a0Les Experts Wordpress\" \/>\n<meta property=\"article:modified_time\" content=\"2021-11-17T13:23:06+00:00\" \/>\n<meta property=\"og:image\" content=\"https:\/\/w-maintenance.pro\/wp-content\/uploads\/2021\/11\/cropped-wordpress-maintenance-logo.png\" \/>\n\t<meta property=\"og:image:width\" content=\"512\" \/>\n\t<meta property=\"og:image:height\" content=\"512\" \/>\n\t<meta property=\"og:image:type\" content=\"image\/png\" \/>\n<meta name=\"twitter:card\" content=\"summary_large_image\" \/>\n<meta name=\"twitter:label1\" content=\"Tempo di lettura stimato\" \/>\n\t<meta name=\"twitter:data1\" content=\"4 minuti\" \/>\n<script type=\"application\/ld+json\" class=\"yoast-schema-graph\">{\"@context\":\"https:\\\/\\\/schema.org\",\"@graph\":[{\"@type\":\"WebPage\",\"@id\":\"https:\\\/\\\/w-maintenance.pro\\\/politique-de-confidentialite\\\/\",\"url\":\"https:\\\/\\\/w-maintenance.pro\\\/politique-de-confidentialite\\\/\",\"name\":\"Politique de confidentialit\u00e9 | Maintenance Wordpress |\u00a0Les Experts Wordpress\",\"isPartOf\":{\"@id\":\"https:\\\/\\\/w-maintenance.pro\\\/#website\"},\"datePublished\":\"2021-07-06T13:06:43+00:00\",\"dateModified\":\"2021-11-17T13:23:06+00:00\",\"breadcrumb\":{\"@id\":\"https:\\\/\\\/w-maintenance.pro\\\/politique-de-confidentialite\\\/#breadcrumb\"},\"inLanguage\":\"it-IT\",\"potentialAction\":[{\"@type\":\"ReadAction\",\"target\":[\"https:\\\/\\\/w-maintenance.pro\\\/politique-de-confidentialite\\\/\"]}]},{\"@type\":\"BreadcrumbList\",\"@id\":\"https:\\\/\\\/w-maintenance.pro\\\/politique-de-confidentialite\\\/#breadcrumb\",\"itemListElement\":[{\"@type\":\"ListItem\",\"position\":1,\"name\":\"Accueil\",\"item\":\"https:\\\/\\\/w-maintenance.pro\\\/\"},{\"@type\":\"ListItem\",\"position\":2,\"name\":\"Politique de confidentialit\u00e9\"}]},{\"@type\":\"WebSite\",\"@id\":\"https:\\\/\\\/w-maintenance.pro\\\/#website\",\"url\":\"https:\\\/\\\/w-maintenance.pro\\\/\",\"name\":\"Maintenance Wordpress |\u00a0Vos Experts Wordpress\",\"description\":\"Support et Maintenance Wordpress\",\"publisher\":{\"@id\":\"https:\\\/\\\/w-maintenance.pro\\\/#organization\"},\"potentialAction\":[{\"@type\":\"SearchAction\",\"target\":{\"@type\":\"EntryPoint\",\"urlTemplate\":\"https:\\\/\\\/w-maintenance.pro\\\/?s={search_term_string}\"},\"query-input\":{\"@type\":\"PropertyValueSpecification\",\"valueRequired\":true,\"valueName\":\"search_term_string\"}}],\"inLanguage\":\"it-IT\"},{\"@type\":\"Organization\",\"@id\":\"https:\\\/\\\/w-maintenance.pro\\\/#organization\",\"name\":\"Wordpress Maintenance |\u00a0W Maintenance Pro\",\"url\":\"https:\\\/\\\/w-maintenance.pro\\\/\",\"logo\":{\"@type\":\"ImageObject\",\"inLanguage\":\"it-IT\",\"@id\":\"https:\\\/\\\/w-maintenance.pro\\\/#\\\/schema\\\/logo\\\/image\\\/\",\"url\":\"https:\\\/\\\/w-maintenance.pro\\\/wp-content\\\/uploads\\\/2021\\\/11\\\/cropped-wordpress-maintenance-logo.png\",\"contentUrl\":\"https:\\\/\\\/w-maintenance.pro\\\/wp-content\\\/uploads\\\/2021\\\/11\\\/cropped-wordpress-maintenance-logo.png\",\"width\":512,\"height\":512,\"caption\":\"Wordpress Maintenance |\u00a0W Maintenance Pro\"},\"image\":{\"@id\":\"https:\\\/\\\/w-maintenance.pro\\\/#\\\/schema\\\/logo\\\/image\\\/\"}}]}<\/script>\n<!-- \/ Yoast SEO plugin. -->","yoast_head_json":{"title":"Politique de confidentialit\u00e9 | Maintenance Wordpress |\u00a0Les Experts Wordpress","robots":{"index":"index","follow":"follow","max-snippet":"max-snippet:-1","max-image-preview":"max-image-preview:large","max-video-preview":"max-video-preview:-1"},"canonical":"https:\/\/w-maintenance.pro\/it\/informativa-sulla-privacy\/","og_locale":"it_IT","og_type":"article","og_title":"Politique de confidentialit\u00e9 | Maintenance Wordpress |\u00a0Les Experts Wordpress","og_description":"Qui sommes-nous\u00a0? \u00a0L\u2019adresse de notre site est\u00a0: https:\/\/w-maintenance.pro. Commentaires \u00a0Quand vous laissez un commentaire sur notre site, les donn\u00e9es inscrites dans le formulaire de commentaire, mais aussi votre adresse IP et l\u2019agent utilisateur de votre navigateur sont collect\u00e9s pour nous aider \u00e0 la d\u00e9tection des commentaires ind\u00e9sirables. Une cha\u00eene anonymis\u00e9e cr\u00e9\u00e9e \u00e0 partir de votre [&hellip;]","og_url":"https:\/\/w-maintenance.pro\/it\/informativa-sulla-privacy\/","og_site_name":"Maintenance Wordpress |\u00a0Les Experts Wordpress","article_modified_time":"2021-11-17T13:23:06+00:00","og_image":[{"width":512,"height":512,"url":"https:\/\/w-maintenance.pro\/wp-content\/uploads\/2021\/11\/cropped-wordpress-maintenance-logo.png","type":"image\/png"}],"twitter_card":"summary_large_image","twitter_misc":{"Tempo di lettura stimato":"4 minuti"},"schema":{"@context":"https:\/\/schema.org","@graph":[{"@type":"WebPage","@id":"https:\/\/w-maintenance.pro\/politique-de-confidentialite\/","url":"https:\/\/w-maintenance.pro\/politique-de-confidentialite\/","name":"Politique de confidentialit\u00e9 | Maintenance Wordpress |\u00a0Les Experts Wordpress","isPartOf":{"@id":"https:\/\/w-maintenance.pro\/#website"},"datePublished":"2021-07-06T13:06:43+00:00","dateModified":"2021-11-17T13:23:06+00:00","breadcrumb":{"@id":"https:\/\/w-maintenance.pro\/politique-de-confidentialite\/#breadcrumb"},"inLanguage":"it-IT","potentialAction":[{"@type":"ReadAction","target":["https:\/\/w-maintenance.pro\/politique-de-confidentialite\/"]}]},{"@type":"BreadcrumbList","@id":"https:\/\/w-maintenance.pro\/politique-de-confidentialite\/#breadcrumb","itemListElement":[{"@type":"ListItem","position":1,"name":"Accueil","item":"https:\/\/w-maintenance.pro\/"},{"@type":"ListItem","position":2,"name":"Politique de confidentialit\u00e9"}]},{"@type":"WebSite","@id":"https:\/\/w-maintenance.pro\/#website","url":"https:\/\/w-maintenance.pro\/","name":"Maintenance Wordpress |\u00a0Vos Experts Wordpress","description":"Support et Maintenance Wordpress","publisher":{"@id":"https:\/\/w-maintenance.pro\/#organization"},"potentialAction":[{"@type":"SearchAction","target":{"@type":"EntryPoint","urlTemplate":"https:\/\/w-maintenance.pro\/?s={search_term_string}"},"query-input":{"@type":"PropertyValueSpecification","valueRequired":true,"valueName":"search_term_string"}}],"inLanguage":"it-IT"},{"@type":"Organization","@id":"https:\/\/w-maintenance.pro\/#organization","name":"Wordpress Maintenance |\u00a0W Maintenance Pro","url":"https:\/\/w-maintenance.pro\/","logo":{"@type":"ImageObject","inLanguage":"it-IT","@id":"https:\/\/w-maintenance.pro\/#\/schema\/logo\/image\/","url":"https:\/\/w-maintenance.pro\/wp-content\/uploads\/2021\/11\/cropped-wordpress-maintenance-logo.png","contentUrl":"https:\/\/w-maintenance.pro\/wp-content\/uploads\/2021\/11\/cropped-wordpress-maintenance-logo.png","width":512,"height":512,"caption":"Wordpress Maintenance |\u00a0W Maintenance Pro"},"image":{"@id":"https:\/\/w-maintenance.pro\/#\/schema\/logo\/image\/"}}]}},"_links":{"self":[{"href":"https:\/\/w-maintenance.pro\/it\/wp-json\/wp\/v2\/pages\/3","targetHints":{"allow":["GET"]}}],"collection":[{"href":"https:\/\/w-maintenance.pro\/it\/wp-json\/wp\/v2\/pages"}],"about":[{"href":"https:\/\/w-maintenance.pro\/it\/wp-json\/wp\/v2\/types\/page"}],"author":[{"embeddable":true,"href":"https:\/\/w-maintenance.pro\/it\/wp-json\/wp\/v2\/users\/1"}],"replies":[{"embeddable":true,"href":"https:\/\/w-maintenance.pro\/it\/wp-json\/wp\/v2\/comments?post=3"}],"version-history":[{"count":2,"href":"https:\/\/w-maintenance.pro\/it\/wp-json\/wp\/v2\/pages\/3\/revisions"}],"predecessor-version":[{"id":647,"href":"https:\/\/w-maintenance.pro\/it\/wp-json\/wp\/v2\/pages\/3\/revisions\/647"}],"wp:attachment":[{"href":"https:\/\/w-maintenance.pro\/it\/wp-json\/wp\/v2\/media?parent=3"}],"curies":[{"name":"wp","href":"https:\/\/api.w.org\/{rel}","templated":true}]}}