{"id":1611,"date":"2023-12-07T12:20:01","date_gmt":"2023-12-07T11:20:01","guid":{"rendered":"https:\/\/www.wordpress-maintenance.org\/?page_id=1611"},"modified":"2023-12-07T12:20:38","modified_gmt":"2023-12-07T11:20:38","slug":"paiement-1e","status":"publish","type":"page","link":"https:\/\/w-maintenance.pro\/es\/primer-pago\/","title":{"rendered":"Pago - 1 euro"},"content":{"rendered":"<p>[et_pb_section fb_built=\u00a0\u00bb1\u2033 custom_padding_last_edited=\u00a0\u00bbon|tablet\u00a0\u00bb admin_label=\u00a0\u00bbSecci\u00f3n Hero\u00a0\u00bb _builder_version=\u00a0\u00bb4.21.0\u2033 background_enable_color=\u00a0\u00bboff\u00a0\u00bb use_background_color_gradient=\u00a0\u00bbon\u00a0\u00bb background_color_gradient_stops=\u00a0\u00bbrgba(255,255,255,0.98) 0%|rgba(255,255,255,0.71) 100%\u00a0\u00bb background_color_gradient_overlays_image=\u00a0\u00bbon\u00a0\u00bb background_color_gradient_start=\u00a0\u00bbrgba(54,68,175,0.17)\u00a0\u00bb background_color_gradient_end=\u00a0\u00bbrgba(255,255,255,0)\u00a0\u00bb background_image=\u00a0\u00bbhttps:\\\/\\\/w-maintenance.pro\\\/wp-content\\\/uploads\\\/2022\\\/07\\\/rfnla1hl7ey.jpg\u00a0\u00bb custom_margin=\u00a0\u00bb-9px||||false|false\u00a0\u00bb custom_padding=\u00a0\u00bb54px|0px|54px|0px|true|false\u00a0\u00bb custom_padding_tablet=\u00a0\u00bb|||\u00a0\u00bb custom_padding_phone=\u00a0\u00bb|||\u00a0\u00bb locked=\u00a0\u00bboff\u00a0\u00bb global_colors_info=\u00a0\u00bb{}\u00a0\u00bb][et_pb_row _builder_version=\u00a0\u00bb4.16\u2033 custom_padding=\u00a0\u00bb|||\u00a0\u00bb animation_style=\u00a0\u00bbslide\u00a0\u00bb animation_direction=\u00a0\u00bbbottom\u00a0\u00bb animation_intensity_slide=\u00a0\u00bb10%\u00a0\u00bb global_colors_info=\u00a0\u00bb{}\u00a0\u00bb][et_pb_column type=\u00a0\u00bb4_4\u2033 _builder_version=\u00a0\u00bb4.16\u2033 custom_padding=\u00a0\u00bb|||\u00a0\u00bb global_colors_info=\u00a0\u00bb{}\u00a0\u00bb custom_padding__hover=\u00a0\u00bb|||\u00a0\u00bb][et_pb_text admin_label=\u00a0\u00bbT\u00edtulo y subt\u00edtulo\u00a0\u00bb _builder_version=\u00a0\u00bb4.21.0\u2033 text_font=\u00a0\u00bb||||||||\u00a0\u00bb text_text_color=\u00a0\u00bb#FFFFFF\u00a0\u00bb text_font_size=\u00a0\u00bb16px\u00a0\u00bb text_line_height=\u00a0\u00bb1.8em\u00a0\u00bb header_font=\u00a0\u00bb|700|||||||\u00a0\u00bb header_text_color=\u00a0\u00bb#3644af\u00a0\u00bb header_font_size=\u00a0\u00bb50px\u00a0\u00bb header_line_height=\u00a0\u00bb1.4em\u00a0\u00bb header_2_font=\u00a0\u00bb||||||||\u00a0\u00bb text_orientation=\u00a0\u00bbcenter\u00a0\u00bb max_width=\u00a0\u00bb700px\u00a0\u00bb module_alignment=\u00a0\u00bbcenter\u00a0\u00bb header_font_size_tablet=\u00a0\u00bb\u00a0\u00bb header_font_size_phone=\u00a0\u00bb40px\u00a0\u00bb header_font_size_last_edited=\u00a0\u00bbon|desktop\u00a0\u00bb locked=\u00a0\u00bboff\u00a0\u00bb global_colors_info=\u00a0\u00bb{}\u00a0\u00bb]<\/p>\n<h1>Mantenimiento ocasional<br \/>P\u00e1gina web<\/h1>\n<p>[\\\/et_pb_text][\\\/et_pb_column][\\\/et_pb_row][\\\/et_pb_section][et_pb_section fb_built=\u00a0\u00bb1\u2033 admin_label=\u00a0\u00bbDetalles de la funci\u00f3n\u00a0\u00bb _builder_version=\u00a0\u00bb4.21.0\u2033 background_enable_color=\u00a0\u00bboff\u00a0\u00bb custom_padding=\u00a0\u00bb|||\u00a0\u00bb global_colors_info=\u00a0\u00bb{}\u00a0\u00bb][et_pb_row column_structure=\u00a0\u00bb1_2,1_2\u2033 _builder_version=\u00a0\u00bb4.23.1\u2033 custom_padding=\u00a0\u00bb6px|||||\u00a0\u00bb hover_enabled=\u00a0\u00bb0\u2033 global_colors_info=\u00a0\u00bb{}\u00a0\u00bb make_equal=\u00a0\u00bbon\u00a0\u00bb sticky_enabled=\u00a0\u00bb0\u2033][et_pb_column type=\u00a0\u00bb1_2\u2033 _builder_version=\u00a0\u00bb4.16\u2033 custom_padding=\u00a0\u00bb|||\u00a0\u00bb global_colors_info=\u00a0\u00bb{}\u00a0\u00bb custom_padding__hover=\u00a0\u00bb|||\u00a0\u00bb][et_pb_code _builder_version=\u00a0\u00bb4.23.1\u2033 _module_preset=\u00a0\u00bbdefault\u00a0\u00bb global_colors_info=\u00a0\u00bb{}\u00a0\u00bb]<script async<!--no numeric noise key 1012-->  src=\"https:\/\/js.stripe.com\/v3\/buy-button.js\"><!-- [et_pb_line_break_holder] --><\/script><!-- [et_pb_line_break_holder] --><!-- [et_pb_line_break_holder] --><stripe-buy-button<!--___noise___ 1009-->  publishable-key=\u00a0\u00bbpk_live_Jru59pW7cZj1XCtxJRgCFnQ5\u2033<!-- [et_pb_line_break_holder] -->><!-- [et_pb_line_break_holder] --><\/stripe-buy-button>[\\\/et_pb_code][\\\/et_pb_column][et_pb_column type=\u00a0\u00bb1_2\u2033 _builder_version=\u00a0\u00bb4.16\u2033 custom_padding=\u00a0\u00bb|||\u00a0\u00bb global_colors_info=\u00a0\u00bb{}\u00a0\u00bb custom_padding__hover=\u00a0\u00bb|||\u00a0\u00bb][et_pb_text _builder_version=\u00a0\u00bb4.23.1\u2033 _module_preset=\u00a0\u00bbdefault\u00a0\u00bb global_colors_info=\u00a0\u00bb{}\u00a0\u00bb]<\/p>\n<h2>Reembolso en caso de aver\u00eda<\/h2>\n<p>El importe facturado se reembolsar\u00e1 si no podemos volver a poner en l\u00ednea su sitio web.<\/p>\n<ul>\n<li>Para llevar a cabo el encargo, usted acepta dar al proveedor de servicios acceso de administrador a su sitio web, su alojamiento y su base de datos. Para ello, siga las instrucciones <a target=\"_blank\" href=\"https:\/\/w-maintenance.pro\/es\/instrucciones-para-dar-acceso-de-administrador-de-mantenimiento-a-wordpress\/\" rel=\"noopener\">datos de esta p\u00e1gina<\/a><\/li>\n<li>Venta sujeta a nuestra <a target=\"_blank\" href=\"https:\/\/w-maintenance.pro\/es\/mantenimiento-de-vehiculos-pesados\/\" rel=\"noopener\">condiciones generales de venta<\/a>\u00a0<\/li>\n<\/ul>\n<p>[\/et_pb_text][\/et_pb_column][\/et_pb_row][\/et_pb_section][et_pb_section fb_built=\"1\u2033 admin_label=\"Secci\u00f3n Contacto \" module_id=\"contacto \" _builder_version=\"4.15.1\u2033 background_color=\"#f6f6f6\u2033 background_image=\"https:\/\/w-maintenance.pro\/wp-content\/uploads\/2021\/11\/section-background-3.jpg \" background_size=\"initial \" background_position=\"center_left \" background_blend=\"overlay \" custom_margin=\"||||false|false \" custom_padding=\"|0px|0px|0px|false|false \" top_divider_style=\"wave2\u2033 top_divider_color=\"#FFFFFF \" top_divider_repeat= \"2x \" box_shadow_style=\"preset7\u2033 box_shadow_horizontal=\"0px \" box_shadow_vertical=\"80px \" box_shadow_color=\"#2a3443\u2033 box_shadow_position=\"outer \" global_module=\"96\u2033 saved_tabs=\"all \" global_colors_info=\"{}\"][et_pb_row column_structure=\"1_2,1_2\u2033 use_custom_gutter=\"on \" gutter_width=\"1\u2033 admin_label=\"Fila de contacto \" module_class=\"et_pb_row_fullwidth\" _builder_version=\"4.16\u2033 background_color=\"RGBA(0,0,0,0) \" width=\"100% \" width_tablet=\"100% \" width_phone= \" \" width_last_edited=\"on|desktop \" max_width=\"100% \" max_width_tablet=\"100% \" max_width_phone= \" \" max_width_last_edited= \"on|desktop \" custom_margin=\"|auto||auto|false|false \" custom_padding=\"||0px||false|false \" make_fullwidth=\"on \" global_colors_info=\"{}\"][et_pb_column type=\"1_2\u2033 _builder_version=\"4.16\u2033 background_color=\"RGBA(0,0,0,0) \" custom_padding=\"||||false|false \" global_colors_info=\"{} \" custom_padding__hover=\"||| \"][et_pb_text admin_label=\"T\u00edtulo \" _builder_version=\"4.22.2\u2033 text_font=\"Ubuntu|||||||| \" text_font_size=\"16px \" text_line_height=\"1.8em \" header_font=\"Raleway|300||||||| \" header_2_font=\"Montserrat|700||||||| \" header_2_font_size=\"50px \" header_2_line_height=\"1.4em \" width=\"80% \" width_tablet=\"80% \" width_phone=\"80% \" width_last_edited=\"on|desktop \" module_alignment=\"center \" custom_margin=\"||||false|false \" custom_padding=\"||2px||false|false \" locked=\"off \" global_colors_info=\"{} \"]<\/p>\n<h2>Planificar una llamada<\/h2>\n<p>Si desea un presupuesto personalizado o tiene alguna pregunta sobre nuestras ofertas<\/p>\n<p>[\/et_pb_text][et_pb_code _builder_version=\"4.22.2\u2033 _module_preset=\"default \" custom_margin=\"-60px||||false|false \" global_colors_info=\"{} \"]<!-- D\u00e9but de widget en ligne Calendly --><!-- [et_pb_line_break_holder] --><\/p>\n<div class=\"calendly-inline-widget\" data-url=\"https:\/\/calendly.com\/rdv-webdesign\/wordpress-maintenance?hide_event_type_details=1&#038;hide_gdpr_banner=1&#038;primary_color=3644af\" style=\"min-width:320px;height:550px;\"><\/div>\n<p><!-- [et_pb_line_break_holder] --><script type=\"text\/javascript\" src=\"https:\/\/assets.calendly.com\/assets\/external\/widget.js\" async><\/script><!-- [et_pb_line_break_holder] --><!-- Fin de widget en ligne Calendly -->[\/et_pb_code][\/et_pb_column][et_pb_column type=\"1_2\u2033 _builder_version=\"4.16\u2033 background_enable_color=\"off \" custom_padding=\"|| \" border_radii=\"on|7px|7px|7px|7px \" global_colors_info=\"{} \" custom_padding__hover=\"|| \"][et_pb_text admin_label=\"T\u00edtulo \" _builder_version=\"4.16\u2033 text_font=\"Ubuntu|||||||| \" text_font_size=\"16px \" text_line_height=\"1.8em \" header_font=\"Raleway|300||||||| \" header_2_font=\"Montserrat|700||||||| \" header_2_font_size=\"50px \" header_2_line_height=\"1.4em \" width=\"80% \" width_tablet=\"80% \" width_phone=\"80% \" width_last_edited=\"on|desktop \" module_alignment=\"center \" custom_margin=\"||| \" custom_padding=\"||0px||| \" locked=\"off \" global_colors_info=\"{} \"]<\/p>\n<h2>Escr\u00edbanos<\/h2>\n<p>P\u00f3ngase en contacto con nosotros si tiene alguna duda sobre nuestras ofertas.<\/p>\n<p>[\/et_pb_text][et_pb_contact_form captcha=\"off \" email=\"info@w-maintenance.pro\" custom_message=\"Nombre: %%Name%%||et_pb_line_break_holder||Email: %%Email%%||et_p_line_break_holder||Sitio web: %%siteweb%%||et_pb_line_break_holder||Tel: %%Tel%%||et_pb_line_break_holder||Detalles: %tails%% \" use_redirect=\"on\" redirect_url=\"https:\/\/w-maintenance.pro\/message-envoye\/ \" success_message=\"Mensaje enviado, gracias.\" submit_button_text=\"Enviar \" module_id=\"contact \" _builder_version=\"4.23.1\u2033 _unique_id=\"e5e0499d-3790-4264-be35-f2521a8cf776\u2033 form_field_background_color=\"rgba(219,219,219,0.83) \" form_field_text_color=\"#4c4c4c \" form_field_font=\"|500||||||| \" form_field_font_size=\"14px \" background_color=\"RGBA(0,0,0,0) \" custom_button=\"on \" button_text_size=\"16px \" button_text_color=\"#ffffff \" button_bg_color=\"#3644af \" button_border_width=\"0px \" button_border_color=\"#1fb6e9\u2033 button_border_radius=\"5px \" button_letter_spacing=\"2px \" button_font=\"|||on||||| \" button_use_icon= \"off \" text_orientation=\"left \" max_width=\"80% \" module_alignment=\"center \" custom_margin=\"28px|40px|100px|40px|| \" animation_style=\"slide \" animation_direction=\"right \" animation_intensity_slide=\"10% \" border_radii=\"on|5px|5px|5px|5px|5px \" form_background_color=\"rgba(255,255,255,0.05) \" global_colors_info=\"{} \"][et_pb_contact_field field_id=\"Nombre\" field_title=\"Nombre\" fullwidth_field=\"on \" _builder_version=\"4.16\u2033 global_colors_info=\"{} \" button_text_size__hover_enabled=\"off \" button_one_text_size__hover_enabled=\"off \" button_two_text_size__hover_enabled=\"off \" button_text_color__hover_enabled=\"off \" button_one_text_color__hover_enabled=\"off \" button_two_text_color__hover_enabled= \"off \" button_border_width__hover_enabled=\"off \" button_one_border_width__hover_enabled=\"off \" button_two_border_width__hover_enabled=\"off \" button_border_color__hover_enabled=\"off \" button_one_border_color__hover_enabled=\"off \" button_two_border_color__hover_enabled=\"off \"off \" button_border_radius__hover_enabled=\"off \" button_one_border_radius__hover_enabled=\"off \" button_two_border_radius__hover_enabled=\"off \" button_letter_spacing__hover_enabled=\"off \" button_one_letter_spacing__hover_enabled=\"off \" button_two_letter_spacing__hover_enabled=\"off \"off \" button_bg_color__hover_enabled=\"off \" button_one_bg_color__hover_enabled=\"off \" button_two_bg_color__hover_enabled=\"off \"][\/et_pb_contact_field][et_pb_contact_field field_id=\"Correo electr\u00f3nico \" field_title=\"Correo electr\u00f3nico \" field_type=\"correo electr\u00f3nico \" _builder_version=\"4.22.22.2\u2033 global_colors_info=\"{} \" button_text_size__hover_enabled=\"off \" button_one_text_size__hover_enabled=\"off \" button_two_text_size__hover_enabled=\"off \" button_text_color__hover_enabled=\"off \" button_one_text_color__hover_enabled=\"off \" button_two_text_color__hover_enabled= \"off \" button_border_width__hover_enabled=\"off \" button_one_border_width__hover_enabled=\"off \" button_two_border_width__hover_enabled=\"off \" button_border_color__hover_enabled=\"off \" button_one_border_color__hover_enabled=\"off \" button_two_border_color__hover_enabled=\"off \"off\" button_border_radius__hover_enabled=\"off \" button_one_border_radius__hover_enabled=\"off \" button_two_border_radius__hover_enabled=\"off \" button_letter_spacing__hover_enabled=\"off \" button_one_letter_spacing__hover_enabled=\"off \" button_two_letter_spacing__hover_enabled=\"off \"off\" button_bg_color__hover_enabled=\"off\" button_one_bg_color__hover_enabled=\"off\" button_two_bg_color__hover_enabled=\"off\"][\/et_pb_contact_field][et_pb_contact_field field_id=\"Tel\" field_title=\"Tel\u00e9fono\" required_mark=\"off\" _builder_version=\"4.22.2\u2033 global_colors_info=\"{} \" button_text_size__hover_enabled=\"off \" button_one_text_size__hover_enabled=\"off \" button_two_text_size__hover_enabled=\"off \" button_text_color__hover_enabled=\"off \" button_one_text_color__hover_enabled=\"off \" button_two_text_color__hover_enabled= \"off \" button_border_width__hover_enabled=\"off \" button_one_border_width__hover_enabled=\"off \" button_two_border_width__hover_enabled=\"off \" button_border_color__hover_enabled=\"off \" button_one_border_color__hover_enabled=\"off \" button_two_border_color__hover_enabled=\"off \" button_border_radius__hover_enabled=\"off \" button_one_border_radius__hover_enabled=\"off \" button_two_border_radius__hover_enabled=\"off \" button_letter_spacing__hover_enabled=\"off \" button_one_letter_spacing__hover_enabled=\"off \" button_two_letter_spacing__hover_enabled=\"off \" button_bg_color__hover_enabled=\"off \" button_one_bg_color__hover_enabled=\"off \" button_two_bg_color__hover_enabled=\"off \"][\/et_pb_contact_field][et_pb_contact_field field_id=\"siteweb \" field_title=\"Enlace a su sitio web\" fullwidth_field=\"on \" _builder_version=\"4.16\u2033 _module_preset=\"default \" global_colors_info=\"{} \"][\/et_pb_contact_field][et_pb_contact_field field_id=\"Detalles \" field_title=\"Detalles\" field_type=\"text\" fullwidth_field=\"on \" _builder_version=\"4.16\u2033 global_colors_info=\"{} \" button_text_size__hover_enabled=\"off \" button_one_text_size__hover_enabled=\"off \" button_two_text_size__hover_enabled=\"off \" button_text_color__hover_enabled=\"off \" button_one_text_color__hover_enabled=\"off \" button_two_text_color__hover_enabled=\"desactivado \" button_border_width__hover_enabled=\"desactivado \" button_one_border_width__hover_enabled=\"desactivado \" button_two_border_width__hover_enabled=\"desactivado \" button_border_color__hover_enabled=\"desactivado \" button_one_border_color__hover_enabled=\"desactivado \" button_two_text_color__hover_enabled=\"desactivado button_two_border_color__hover_enabled=\"off \" button_border_radius__hover_enabled=\"off \" button_one_border_radius__hover_enabled=\"off \" button_two_border_radius__hover_enabled=\"off \" button_letter_spacing__hover_enabled=\"off \" button_one_letter_spacing__hover_enabled=\"off \"off \" button_two_letter_spacing__hover_enabled=\"off \" button_bg_color__hover_enabled=\"off \" button_one_bg_color__hover_enabled= \"off \" button_two_bg_color__hover_enabled=\"off \"][\/et_pb_contact_field][\/et_pb_contact_form][\/et_pb_column][\/et_pb_row][\/et_pb_section]<\/p>","protected":false},"excerpt":{"rendered":"<p>Mantenimiento puntual del sitio webReembolso en caso de fallo El importe facturado se le reembolsar\u00e1 si no logramos volver a poner su sitio web en l\u00ednea. Con el fin de cumplir la misi\u00f3n, usted acepta conceder acceso de administrador a su sitio web, a su alojamiento, a su base de datos al proveedor. Para ello, siga los [\u2026]<\/p>","protected":false},"author":1,"featured_media":0,"parent":0,"menu_order":0,"comment_status":"closed","ping_status":"closed","template":"","meta":{"_et_pb_use_builder":"on","_et_pb_old_content":"","_et_gb_content_width":"","footnotes":""},"class_list":["post-1611","page","type-page","status-publish","hentry"],"yoast_head":"<!-- This site is optimized with the Yoast SEO plugin v27.5 - https:\/\/yoast.com\/product\/yoast-seo-wordpress\/ -->\n<title>Paiement - 1\u20ac | Vos experts Wordpress<\/title>\n<meta name=\"description\" content=\"Offre de maintenance Wordpress, support technique et editorial wordpress, experts site internet plugin et themes pour le CMS\" \/>\n<meta name=\"robots\" content=\"index, follow, max-snippet:-1, max-image-preview:large, max-video-preview:-1\" \/>\n<link rel=\"canonical\" href=\"https:\/\/w-maintenance.pro\/es\/primer-pago\/\" \/>\n<meta property=\"og:locale\" content=\"es_ES\" \/>\n<meta property=\"og:type\" content=\"article\" \/>\n<meta property=\"og:title\" content=\"Paiement - 1\u20ac | Vos experts Wordpress\" \/>\n<meta property=\"og:description\" content=\"Offre de maintenance Wordpress, support technique et editorial wordpress, experts site internet plugin et themes pour le CMS\" \/>\n<meta property=\"og:url\" content=\"https:\/\/w-maintenance.pro\/es\/primer-pago\/\" \/>\n<meta property=\"og:site_name\" content=\"Maintenance Wordpress |\u00a0Les Experts Wordpress\" \/>\n<meta property=\"article:modified_time\" content=\"2023-12-07T11:20:38+00:00\" \/>\n<meta property=\"og:image\" content=\"https:\/\/w-maintenance.pro\/wp-content\/uploads\/2021\/11\/cropped-wordpress-maintenance-logo.png\" \/>\n\t<meta property=\"og:image:width\" content=\"512\" \/>\n\t<meta property=\"og:image:height\" content=\"512\" \/>\n\t<meta property=\"og:image:type\" content=\"image\/png\" \/>\n<meta name=\"twitter:card\" content=\"summary_large_image\" \/>\n<meta name=\"twitter:label1\" content=\"Tiempo de lectura\" \/>\n\t<meta name=\"twitter:data1\" content=\"3 minutos\" \/>\n<script type=\"application\/ld+json\" class=\"yoast-schema-graph\">{\"@context\":\"https:\\\/\\\/schema.org\",\"@graph\":[{\"@type\":\"WebPage\",\"@id\":\"https:\\\/\\\/w-maintenance.pro\\\/paiement-1e\\\/\",\"url\":\"https:\\\/\\\/w-maintenance.pro\\\/paiement-1e\\\/\",\"name\":\"Paiement - 1\u20ac | Vos experts Wordpress\",\"isPartOf\":{\"@id\":\"https:\\\/\\\/w-maintenance.pro\\\/#website\"},\"datePublished\":\"2023-12-07T11:20:01+00:00\",\"dateModified\":\"2023-12-07T11:20:38+00:00\",\"description\":\"Offre de maintenance Wordpress, support technique et editorial wordpress, experts site internet plugin et themes pour le CMS\",\"breadcrumb\":{\"@id\":\"https:\\\/\\\/w-maintenance.pro\\\/paiement-1e\\\/#breadcrumb\"},\"inLanguage\":\"es\",\"potentialAction\":[{\"@type\":\"ReadAction\",\"target\":[\"https:\\\/\\\/w-maintenance.pro\\\/paiement-1e\\\/\"]}]},{\"@type\":\"BreadcrumbList\",\"@id\":\"https:\\\/\\\/w-maintenance.pro\\\/paiement-1e\\\/#breadcrumb\",\"itemListElement\":[{\"@type\":\"ListItem\",\"position\":1,\"name\":\"Accueil\",\"item\":\"https:\\\/\\\/w-maintenance.pro\\\/\"},{\"@type\":\"ListItem\",\"position\":2,\"name\":\"Paiement &#8211; 1\u20ac\"}]},{\"@type\":\"WebSite\",\"@id\":\"https:\\\/\\\/w-maintenance.pro\\\/#website\",\"url\":\"https:\\\/\\\/w-maintenance.pro\\\/\",\"name\":\"Maintenance Wordpress |\u00a0Vos Experts Wordpress\",\"description\":\"Support et Maintenance Wordpress\",\"publisher\":{\"@id\":\"https:\\\/\\\/w-maintenance.pro\\\/#organization\"},\"potentialAction\":[{\"@type\":\"SearchAction\",\"target\":{\"@type\":\"EntryPoint\",\"urlTemplate\":\"https:\\\/\\\/w-maintenance.pro\\\/?s={search_term_string}\"},\"query-input\":{\"@type\":\"PropertyValueSpecification\",\"valueRequired\":true,\"valueName\":\"search_term_string\"}}],\"inLanguage\":\"es\"},{\"@type\":\"Organization\",\"@id\":\"https:\\\/\\\/w-maintenance.pro\\\/#organization\",\"name\":\"Wordpress Maintenance |\u00a0W Maintenance Pro\",\"url\":\"https:\\\/\\\/w-maintenance.pro\\\/\",\"logo\":{\"@type\":\"ImageObject\",\"inLanguage\":\"es\",\"@id\":\"https:\\\/\\\/w-maintenance.pro\\\/#\\\/schema\\\/logo\\\/image\\\/\",\"url\":\"https:\\\/\\\/w-maintenance.pro\\\/wp-content\\\/uploads\\\/2021\\\/11\\\/cropped-wordpress-maintenance-logo.png\",\"contentUrl\":\"https:\\\/\\\/w-maintenance.pro\\\/wp-content\\\/uploads\\\/2021\\\/11\\\/cropped-wordpress-maintenance-logo.png\",\"width\":512,\"height\":512,\"caption\":\"Wordpress Maintenance |\u00a0W Maintenance Pro\"},\"image\":{\"@id\":\"https:\\\/\\\/w-maintenance.pro\\\/#\\\/schema\\\/logo\\\/image\\\/\"}}]}<\/script>\n<!-- \/ Yoast SEO plugin. -->","yoast_head_json":{"title":"Paiement - 1\u20ac | Vos experts Wordpress","description":"Offre de maintenance Wordpress, support technique et editorial wordpress, experts site internet plugin et themes pour le CMS","robots":{"index":"index","follow":"follow","max-snippet":"max-snippet:-1","max-image-preview":"max-image-preview:large","max-video-preview":"max-video-preview:-1"},"canonical":"https:\/\/w-maintenance.pro\/es\/primer-pago\/","og_locale":"es_ES","og_type":"article","og_title":"Paiement - 1\u20ac | Vos experts Wordpress","og_description":"Offre de maintenance Wordpress, support technique et editorial wordpress, experts site internet plugin et themes pour le CMS","og_url":"https:\/\/w-maintenance.pro\/es\/primer-pago\/","og_site_name":"Maintenance Wordpress |\u00a0Les Experts Wordpress","article_modified_time":"2023-12-07T11:20:38+00:00","og_image":[{"width":512,"height":512,"url":"https:\/\/w-maintenance.pro\/wp-content\/uploads\/2021\/11\/cropped-wordpress-maintenance-logo.png","type":"image\/png"}],"twitter_card":"summary_large_image","twitter_misc":{"Tiempo de lectura":"3 minutos"},"schema":{"@context":"https:\/\/schema.org","@graph":[{"@type":"WebPage","@id":"https:\/\/w-maintenance.pro\/paiement-1e\/","url":"https:\/\/w-maintenance.pro\/paiement-1e\/","name":"Paiement - 1\u20ac | Vos experts Wordpress","isPartOf":{"@id":"https:\/\/w-maintenance.pro\/#website"},"datePublished":"2023-12-07T11:20:01+00:00","dateModified":"2023-12-07T11:20:38+00:00","description":"Offre de maintenance Wordpress, support technique et editorial wordpress, experts site internet plugin et themes pour le CMS","breadcrumb":{"@id":"https:\/\/w-maintenance.pro\/paiement-1e\/#breadcrumb"},"inLanguage":"es","potentialAction":[{"@type":"ReadAction","target":["https:\/\/w-maintenance.pro\/paiement-1e\/"]}]},{"@type":"BreadcrumbList","@id":"https:\/\/w-maintenance.pro\/paiement-1e\/#breadcrumb","itemListElement":[{"@type":"ListItem","position":1,"name":"Accueil","item":"https:\/\/w-maintenance.pro\/"},{"@type":"ListItem","position":2,"name":"Paiement &#8211; 1\u20ac"}]},{"@type":"WebSite","@id":"https:\/\/w-maintenance.pro\/#website","url":"https:\/\/w-maintenance.pro\/","name":"Maintenance Wordpress |\u00a0Vos Experts Wordpress","description":"Support et Maintenance Wordpress","publisher":{"@id":"https:\/\/w-maintenance.pro\/#organization"},"potentialAction":[{"@type":"SearchAction","target":{"@type":"EntryPoint","urlTemplate":"https:\/\/w-maintenance.pro\/?s={search_term_string}"},"query-input":{"@type":"PropertyValueSpecification","valueRequired":true,"valueName":"search_term_string"}}],"inLanguage":"es"},{"@type":"Organization","@id":"https:\/\/w-maintenance.pro\/#organization","name":"Wordpress Maintenance |\u00a0W Maintenance Pro","url":"https:\/\/w-maintenance.pro\/","logo":{"@type":"ImageObject","inLanguage":"es","@id":"https:\/\/w-maintenance.pro\/#\/schema\/logo\/image\/","url":"https:\/\/w-maintenance.pro\/wp-content\/uploads\/2021\/11\/cropped-wordpress-maintenance-logo.png","contentUrl":"https:\/\/w-maintenance.pro\/wp-content\/uploads\/2021\/11\/cropped-wordpress-maintenance-logo.png","width":512,"height":512,"caption":"Wordpress Maintenance |\u00a0W Maintenance Pro"},"image":{"@id":"https:\/\/w-maintenance.pro\/#\/schema\/logo\/image\/"}}]}},"_links":{"self":[{"href":"https:\/\/w-maintenance.pro\/es\/wp-json\/wp\/v2\/pages\/1611","targetHints":{"allow":["GET"]}}],"collection":[{"href":"https:\/\/w-maintenance.pro\/es\/wp-json\/wp\/v2\/pages"}],"about":[{"href":"https:\/\/w-maintenance.pro\/es\/wp-json\/wp\/v2\/types\/page"}],"author":[{"embeddable":true,"href":"https:\/\/w-maintenance.pro\/es\/wp-json\/wp\/v2\/users\/1"}],"replies":[{"embeddable":true,"href":"https:\/\/w-maintenance.pro\/es\/wp-json\/wp\/v2\/comments?post=1611"}],"version-history":[{"count":3,"href":"https:\/\/w-maintenance.pro\/es\/wp-json\/wp\/v2\/pages\/1611\/revisions"}],"predecessor-version":[{"id":1614,"href":"https:\/\/w-maintenance.pro\/es\/wp-json\/wp\/v2\/pages\/1611\/revisions\/1614"}],"wp:attachment":[{"href":"https:\/\/w-maintenance.pro\/es\/wp-json\/wp\/v2\/media?parent=1611"}],"curies":[{"name":"wp","href":"https:\/\/api.w.org\/{rel}","templated":true}]}}