{"id":3,"date":"2021-07-06T15:06:43","date_gmt":"2021-07-06T13:06:43","guid":{"rendered":"https:\/\/www.wordpress-maintenance.org\/?page_id=3"},"modified":"2021-11-17T14:23:06","modified_gmt":"2021-11-17T13:23:06","slug":"politique-de-confidentialite","status":"publish","type":"page","link":"https:\/\/w-maintenance.pro\/en\/privacy-policy\/","title":{"rendered":"Privacy policy"},"content":{"rendered":"[et_pb_section fb_built=\u00a0\u00bb1\u2033 admin_label=\u00a0\u00bbsection\u00a0\u00bb _builder_version=\u00a0\u00bb3.22\u2033 global_colors_info=\u00a0\u00bb{}\u00a0\u00bb][et_pb_row admin_label=\u00a0\u00bbrow\u00a0\u00bb _builder_version=\u00a0\u00bb3.25\u2033 background_size=\u00a0\u00bbinitial\u00a0\u00bb background_position=\u00a0\u00bbtop_left\u00a0\u00bb background_repeat=\u00a0\u00bbrepeat\u00a0\u00bb global_colors_info=\u00a0\u00bb{}\u00a0\u00bb][et_pb_column type=\u00a0\u00bb4_4\u2033 _builder_version=\u00a0\u00bb3.25\u2033 custom_padding=\u00a0\u00bb|||\u00a0\u00bb global_colors_info=\u00a0\u00bb{}\u00a0\u00bb custom_padding__hover=\u00a0\u00bb|||\u00a0\u00bb][et_pb_text admin_label=\u00a0\u00bbText\u00a0\u00bb _builder_version=\u00a0\u00bb4.13.1\u2033 background_size=\u00a0\u00bbinitial\u00a0\u00bb background_position=\u00a0\u00bbtop_left\u00a0\u00bb background_repeat=\u00a0\u00bbrepeat\u00a0\u00bb hover_enabled=\u00a0\u00bb0\u2033 global_colors_info=\u00a0\u00bb{}\u00a0\u00bb sticky_enabled=\u00a0\u00bb0\u2033]<p><\/p>\n<h2 class=\"wp-block-heading\">Who we are<\/h2>\n<p><strong class=\"privacy-policy-tutorial\">\u00a0<\/strong>Our website address is : <a href=\"https:\/\/w-maintenance.pro\/en\/\">https:\/\/w-maintenance.pro<\/a>.<\/p>\n<p><\/p>\n<h2 class=\"wp-block-heading\">Comments<\/h2>\n<p><strong class=\"privacy-policy-tutorial\">\u00a0<\/strong>When you leave a comment on our site, the data entered in the comment form, your IP address and your browser's user agent are collected to help us detect undesirable comments.<\/p>\n<p>An anonymized string created from your e-mail address (also known as a hash) may be sent to the Gravatar service to verify your use of the service. Gravatar's privacy policy is available here: https:\/\/automattic.com\/privacy\/. Once your comment has been validated, your profile photo will be publicly visible alongside your comment.<\/p>\n<p><\/p>\n<h2 class=\"wp-block-heading\">Media<\/h2>\n<p><strong class=\"privacy-policy-tutorial\">\u00a0<\/strong>If you upload images to the site, we advise you to avoid uploading images containing EXIF data of GPS coordinates. People visiting your site may download and extract location data from these images.<\/p>\n<p><\/p>\n<h2 class=\"wp-block-heading\">Cookies<\/h2>\n<p><strong class=\"privacy-policy-tutorial\">\u00a0<\/strong>If you leave a comment on our site, you will be asked to save your name, e-mail address and site in cookies. This is only for your convenience, so that you don't have to enter this information if you leave another comment later. These cookies expire after one year.<\/p>\n<p>If you go to the login page, a temporary cookie will be created to determine whether your browser accepts cookies. It contains no personal data and will be deleted automatically when you close your browser.<\/p>\n<p>When you log in, we will set a number of cookies to record your login information and screen preferences. The lifetime of a connection cookie is two days, that of a screen option cookie is one year. If you check \"Remember me\", your login cookie will be kept for two weeks. If you log out of your account, the login cookie will be deleted.<\/p>\n<p>By modifying or publishing a publication, an additional cookie will be stored in your browser. This cookie does not contain any personal data. It simply indicates the ID of the publication you have just modified. It expires after one day.<\/p>\n<p><\/p>\n<h2 class=\"wp-block-heading\">Embedded content from other sites<\/h2>\n<p>Articles on this site may include embedded content (e.g. videos, images, articles, etc.). Embedded content from other sites behaves in the same way as if the visitor were visiting that other site.<\/p>\n<p>These websites may collect data about you, use cookies, embed third-party tracking tools, track your interactions with these embedded contents if you have a logged-in account on their website.<\/p>\n<p><\/p>\n<h2 class=\"wp-block-heading\">Use and transmission of your personal data<\/h2>\n<p><strong class=\"privacy-policy-tutorial\">\u00a0<\/strong>If you request a password reset, your IP address will be included in the reset e-mail.<\/p>\n<p><\/p>\n<h2 class=\"wp-block-heading\">Data storage periods<\/h2>\n<p><strong class=\"privacy-policy-tutorial\">\u00a0<\/strong>If you leave a comment, the comment and its metadata are retained indefinitely. This makes it possible to automatically recognize and approve subsequent comments, rather than leaving them in the moderation queue.<\/p>\n<p>For accounts that register on our site (where applicable), we also store the personal data indicated in their profile. All accounts can view, modify or delete their personal information at any time (with the exception of their login). Site managers can also view and modify this information.<\/p>\n<p><\/p>\n<h2 class=\"wp-block-heading\">The rights you have over your data<\/h2>\n<p>If you have an account or if you have left comments on the site, you may request to receive a file containing all the personal data we hold about you, including that which you have provided to us. You can also request the deletion of your personal data. This does not include data stored for administrative, legal or security purposes.<\/p>\n<p><\/p>\n<h2 class=\"wp-block-heading\">Transmission of your personal data<\/h2>\n<p>Visitor comments can be checked using an automated spam detection service.<\/p>\n<p><\/p>[\\\/et_pb_text][\\\/et_pb_column][\\\/et_pb_row][\\\/et_pb_section]","protected":false},"excerpt":{"rendered":"<p>Who are we?  The address of our website is: https:\/\/w-maintenance.pro. Comments  When you leave a comment on our site, the data entered in the comment form, as well as your IP address and your browser\u2019s user agent, are collected to help us detect spam comments. An anonymized string created from your [\u2026]<\/p>","protected":false},"author":1,"featured_media":0,"parent":0,"menu_order":0,"comment_status":"closed","ping_status":"open","template":"","meta":{"_et_pb_use_builder":"on","_et_pb_old_content":"<!-- wp:heading --><h2>Qui sommes-nous\u00a0?<\/h2><!-- \/wp:heading --><!-- wp:paragraph --><p><strong class=\"privacy-policy-tutorial\">Texte sugg\u00e9r\u00e9\u00a0: <\/strong>L\u2019adresse de notre site est\u00a0: https:\/\/w-maintenance.pro.<\/p><!-- \/wp:paragraph --><!-- wp:heading --><h2>Commentaires<\/h2><!-- \/wp:heading --><!-- wp:paragraph --><p><strong class=\"privacy-policy-tutorial\">Texte sugg\u00e9r\u00e9\u00a0: <\/strong>Quand vous laissez un commentaire sur notre site, les donn\u00e9es inscrites dans le formulaire de commentaire, mais aussi votre adresse IP et l\u2019agent utilisateur de votre navigateur sont collect\u00e9s pour nous aider \u00e0 la d\u00e9tection des commentaires ind\u00e9sirables.<\/p><!-- \/wp:paragraph --><!-- wp:paragraph --><p>Une cha\u00eene anonymis\u00e9e cr\u00e9\u00e9e \u00e0 partir de votre adresse e-mail (\u00e9galement appel\u00e9e hash) peut \u00eatre envoy\u00e9e au service Gravatar pour v\u00e9rifier si vous utilisez ce dernier. Les clauses de confidentialit\u00e9 du service Gravatar sont disponibles ici\u00a0: https:\/\/automattic.com\/privacy\/. Apr\u00e8s validation de votre commentaire, votre photo de profil sera visible publiquement \u00e0 cot\u00e9 de votre commentaire.<\/p><!-- \/wp:paragraph --><!-- wp:heading --><h2>M\u00e9dias<\/h2><!-- \/wp:heading --><!-- wp:paragraph --><p><strong class=\"privacy-policy-tutorial\">Texte sugg\u00e9r\u00e9\u00a0: <\/strong>Si vous t\u00e9l\u00e9versez des images sur le site, nous vous conseillons d\u2019\u00e9viter de t\u00e9l\u00e9verser des images contenant des donn\u00e9es EXIF de coordonn\u00e9es GPS. Les personnes visitant votre site peuvent t\u00e9l\u00e9charger et extraire des donn\u00e9es de localisation depuis ces images.<\/p><!-- \/wp:paragraph --><!-- wp:heading --><h2>Cookies<\/h2><!-- \/wp:heading --><!-- wp:paragraph --><p><strong class=\"privacy-policy-tutorial\">Texte sugg\u00e9r\u00e9\u00a0: <\/strong>Si vous d\u00e9posez un commentaire sur notre site, il vous sera propos\u00e9 d\u2019enregistrer votre nom, adresse e-mail et site dans des cookies. C\u2019est uniquement pour votre confort afin de ne pas avoir \u00e0 saisir ces informations si vous d\u00e9posez un autre commentaire plus tard. Ces cookies expirent au bout d\u2019un an.<\/p><!-- \/wp:paragraph --><!-- wp:paragraph --><p>Si vous vous rendez sur la page de connexion, un cookie temporaire sera cr\u00e9\u00e9 afin de d\u00e9terminer si votre navigateur accepte les cookies. Il ne contient pas de donn\u00e9es personnelles et sera supprim\u00e9 automatiquement \u00e0 la fermeture de votre navigateur.<\/p><!-- \/wp:paragraph --><!-- wp:paragraph --><p>Lorsque vous vous connecterez, nous mettrons en place un certain nombre de cookies pour enregistrer vos informations de connexion et vos pr\u00e9f\u00e9rences d\u2019\u00e9cran. La dur\u00e9e de vie d\u2019un cookie de connexion est de deux jours, celle d\u2019un cookie d\u2019option d\u2019\u00e9cran est d\u2019un an. Si vous cochez \u00ab\u00a0Se souvenir de moi\u00a0\u00bb, votre cookie de connexion sera conserv\u00e9 pendant deux semaines. Si vous vous d\u00e9connectez de votre compte, le cookie de connexion sera effac\u00e9.<\/p><!-- \/wp:paragraph --><!-- wp:paragraph --><p>En modifiant ou en publiant une publication, un cookie suppl\u00e9mentaire sera enregistr\u00e9 dans votre navigateur. Ce cookie ne comprend aucune donn\u00e9e personnelle. Il indique simplement l\u2019ID de la publication que vous venez de modifier. Il expire au bout d\u2019un jour.<\/p><!-- \/wp:paragraph --><!-- wp:heading --><h2>Contenu embarqu\u00e9 depuis d\u2019autres sites<\/h2><!-- \/wp:heading --><!-- wp:paragraph --><p><strong class=\"privacy-policy-tutorial\">Texte sugg\u00e9r\u00e9\u00a0: <\/strong>Les articles de ce site peuvent inclure des contenus int\u00e9gr\u00e9s (par exemple des vid\u00e9os, images, articles\u2026). Le contenu int\u00e9gr\u00e9 depuis d\u2019autres sites se comporte de la m\u00eame mani\u00e8re que si le visiteur se rendait sur cet autre site.<\/p><!-- \/wp:paragraph --><!-- wp:paragraph --><p>Ces sites web pourraient collecter des donn\u00e9es sur vous, utiliser des cookies, embarquer des outils de suivis tiers, suivre vos interactions avec ces contenus embarqu\u00e9s si vous disposez d\u2019un compte connect\u00e9 sur leur site web.<\/p><!-- \/wp:paragraph --><!-- wp:heading --><h2>Utilisation et transmission de vos donn\u00e9es personnelles<\/h2><!-- \/wp:heading --><!-- wp:paragraph --><p><strong class=\"privacy-policy-tutorial\">Texte sugg\u00e9r\u00e9\u00a0: <\/strong>Si vous demandez une r\u00e9initialisation de votre mot de passe, votre adresse IP sera incluse dans l\u2019e-mail de r\u00e9initialisation.<\/p><!-- \/wp:paragraph --><!-- wp:heading --><h2>Dur\u00e9es de stockage de vos donn\u00e9es<\/h2><!-- \/wp:heading --><!-- wp:paragraph --><p><strong class=\"privacy-policy-tutorial\">Texte sugg\u00e9r\u00e9\u00a0: <\/strong>Si vous laissez un commentaire, le commentaire et ses m\u00e9tadonn\u00e9es sont conserv\u00e9s ind\u00e9finiment. Cela permet de reconna\u00eetre et approuver automatiquement les commentaires suivants au lieu de les laisser dans la file de mod\u00e9ration.<\/p><!-- \/wp:paragraph --><!-- wp:paragraph --><p>Pour les comptes qui s\u2019inscrivent sur notre site (le cas \u00e9ch\u00e9ant), nous stockons \u00e9galement les donn\u00e9es personnelles indiqu\u00e9es dans leur profil. Tous les comptes peuvent voir, modifier ou supprimer leurs informations personnelles \u00e0 tout moment (\u00e0 l\u2019exception de leur identifiant). Les gestionnaires du site peuvent aussi voir et modifier ces informations.<\/p><!-- \/wp:paragraph --><!-- wp:heading --><h2>Les droits que vous avez sur vos donn\u00e9es<\/h2><!-- \/wp:heading --><!-- wp:paragraph --><p><strong class=\"privacy-policy-tutorial\">Texte sugg\u00e9r\u00e9\u00a0: <\/strong>Si vous avez un compte ou si vous avez laiss\u00e9 des commentaires sur le site, vous pouvez demander \u00e0 recevoir un fichier contenant toutes les donn\u00e9es personnelles que nous poss\u00e9dons \u00e0 votre sujet, incluant celles que vous nous avez fournies. Vous pouvez \u00e9galement demander la suppression des donn\u00e9es personnelles vous concernant. Cela ne prend pas en compte les donn\u00e9es stock\u00e9es \u00e0 des fins administratives, l\u00e9gales ou pour des raisons de s\u00e9curit\u00e9.<\/p><!-- \/wp:paragraph --><!-- wp:heading --><h2>Transmission de vos donn\u00e9es personnelles<\/h2><!-- \/wp:heading --><!-- wp:paragraph --><p><strong class=\"privacy-policy-tutorial\">Texte sugg\u00e9r\u00e9\u00a0: <\/strong>Les commentaires des visiteurs peuvent \u00eatre v\u00e9rifi\u00e9s \u00e0 l\u2019aide d\u2019un service automatis\u00e9 de d\u00e9tection des commentaires ind\u00e9sirables.<\/p><!-- \/wp:paragraph -->","_et_gb_content_width":"","footnotes":""},"class_list":["post-3","page","type-page","status-publish","hentry"],"yoast_head":"<!-- This site is optimized with the Yoast SEO plugin v27.4 - https:\/\/yoast.com\/product\/yoast-seo-wordpress\/ -->\n<title>Politique de confidentialit\u00e9 | Maintenance Wordpress |\u00a0Les Experts Wordpress<\/title>\n<meta name=\"robots\" content=\"index, follow, max-snippet:-1, max-image-preview:large, max-video-preview:-1\" \/>\n<link rel=\"canonical\" href=\"https:\/\/w-maintenance.pro\/en\/privacy-policy\/\" \/>\n<meta property=\"og:locale\" content=\"en_US\" \/>\n<meta property=\"og:type\" content=\"article\" \/>\n<meta property=\"og:title\" content=\"Politique de confidentialit\u00e9 | Maintenance Wordpress |\u00a0Les Experts Wordpress\" \/>\n<meta property=\"og:description\" content=\"Qui sommes-nous\u00a0? \u00a0L\u2019adresse de notre site est\u00a0: https:\/\/w-maintenance.pro. Commentaires \u00a0Quand vous laissez un commentaire sur notre site, les donn\u00e9es inscrites dans le formulaire de commentaire, mais aussi votre adresse IP et l\u2019agent utilisateur de votre navigateur sont collect\u00e9s pour nous aider \u00e0 la d\u00e9tection des commentaires ind\u00e9sirables. Une cha\u00eene anonymis\u00e9e cr\u00e9\u00e9e \u00e0 partir de votre [&hellip;]\" \/>\n<meta property=\"og:url\" content=\"https:\/\/w-maintenance.pro\/en\/privacy-policy\/\" \/>\n<meta property=\"og:site_name\" content=\"Maintenance Wordpress |\u00a0Les Experts Wordpress\" \/>\n<meta property=\"article:modified_time\" content=\"2021-11-17T13:23:06+00:00\" \/>\n<meta property=\"og:image\" content=\"https:\/\/w-maintenance.pro\/wp-content\/uploads\/2021\/11\/cropped-wordpress-maintenance-logo.png\" \/>\n\t<meta property=\"og:image:width\" content=\"512\" \/>\n\t<meta property=\"og:image:height\" content=\"512\" \/>\n\t<meta property=\"og:image:type\" content=\"image\/png\" \/>\n<meta name=\"twitter:card\" content=\"summary_large_image\" \/>\n<meta name=\"twitter:label1\" content=\"Est. reading time\" \/>\n\t<meta name=\"twitter:data1\" content=\"4 minutes\" \/>\n<script type=\"application\/ld+json\" class=\"yoast-schema-graph\">{\"@context\":\"https:\\\/\\\/schema.org\",\"@graph\":[{\"@type\":\"WebPage\",\"@id\":\"https:\\\/\\\/w-maintenance.pro\\\/politique-de-confidentialite\\\/\",\"url\":\"https:\\\/\\\/w-maintenance.pro\\\/politique-de-confidentialite\\\/\",\"name\":\"Politique de confidentialit\u00e9 | Maintenance Wordpress |\u00a0Les Experts Wordpress\",\"isPartOf\":{\"@id\":\"https:\\\/\\\/w-maintenance.pro\\\/#website\"},\"datePublished\":\"2021-07-06T13:06:43+00:00\",\"dateModified\":\"2021-11-17T13:23:06+00:00\",\"breadcrumb\":{\"@id\":\"https:\\\/\\\/w-maintenance.pro\\\/politique-de-confidentialite\\\/#breadcrumb\"},\"inLanguage\":\"en-US\",\"potentialAction\":[{\"@type\":\"ReadAction\",\"target\":[\"https:\\\/\\\/w-maintenance.pro\\\/politique-de-confidentialite\\\/\"]}]},{\"@type\":\"BreadcrumbList\",\"@id\":\"https:\\\/\\\/w-maintenance.pro\\\/politique-de-confidentialite\\\/#breadcrumb\",\"itemListElement\":[{\"@type\":\"ListItem\",\"position\":1,\"name\":\"Accueil\",\"item\":\"https:\\\/\\\/w-maintenance.pro\\\/\"},{\"@type\":\"ListItem\",\"position\":2,\"name\":\"Politique de confidentialit\u00e9\"}]},{\"@type\":\"WebSite\",\"@id\":\"https:\\\/\\\/w-maintenance.pro\\\/#website\",\"url\":\"https:\\\/\\\/w-maintenance.pro\\\/\",\"name\":\"Maintenance Wordpress |\u00a0Vos Experts Wordpress\",\"description\":\"Support et Maintenance Wordpress\",\"publisher\":{\"@id\":\"https:\\\/\\\/w-maintenance.pro\\\/#organization\"},\"potentialAction\":[{\"@type\":\"SearchAction\",\"target\":{\"@type\":\"EntryPoint\",\"urlTemplate\":\"https:\\\/\\\/w-maintenance.pro\\\/?s={search_term_string}\"},\"query-input\":{\"@type\":\"PropertyValueSpecification\",\"valueRequired\":true,\"valueName\":\"search_term_string\"}}],\"inLanguage\":\"en-US\"},{\"@type\":\"Organization\",\"@id\":\"https:\\\/\\\/w-maintenance.pro\\\/#organization\",\"name\":\"Wordpress Maintenance |\u00a0W Maintenance Pro\",\"url\":\"https:\\\/\\\/w-maintenance.pro\\\/\",\"logo\":{\"@type\":\"ImageObject\",\"inLanguage\":\"en-US\",\"@id\":\"https:\\\/\\\/w-maintenance.pro\\\/#\\\/schema\\\/logo\\\/image\\\/\",\"url\":\"https:\\\/\\\/w-maintenance.pro\\\/wp-content\\\/uploads\\\/2021\\\/11\\\/cropped-wordpress-maintenance-logo.png\",\"contentUrl\":\"https:\\\/\\\/w-maintenance.pro\\\/wp-content\\\/uploads\\\/2021\\\/11\\\/cropped-wordpress-maintenance-logo.png\",\"width\":512,\"height\":512,\"caption\":\"Wordpress Maintenance |\u00a0W Maintenance Pro\"},\"image\":{\"@id\":\"https:\\\/\\\/w-maintenance.pro\\\/#\\\/schema\\\/logo\\\/image\\\/\"}}]}<\/script>\n<!-- \/ Yoast SEO plugin. -->","yoast_head_json":{"title":"Politique de confidentialit\u00e9 | Maintenance Wordpress |\u00a0Les Experts Wordpress","robots":{"index":"index","follow":"follow","max-snippet":"max-snippet:-1","max-image-preview":"max-image-preview:large","max-video-preview":"max-video-preview:-1"},"canonical":"https:\/\/w-maintenance.pro\/en\/privacy-policy\/","og_locale":"en_US","og_type":"article","og_title":"Politique de confidentialit\u00e9 | Maintenance Wordpress |\u00a0Les Experts Wordpress","og_description":"Qui sommes-nous\u00a0? \u00a0L\u2019adresse de notre site est\u00a0: https:\/\/w-maintenance.pro. Commentaires \u00a0Quand vous laissez un commentaire sur notre site, les donn\u00e9es inscrites dans le formulaire de commentaire, mais aussi votre adresse IP et l\u2019agent utilisateur de votre navigateur sont collect\u00e9s pour nous aider \u00e0 la d\u00e9tection des commentaires ind\u00e9sirables. Une cha\u00eene anonymis\u00e9e cr\u00e9\u00e9e \u00e0 partir de votre [&hellip;]","og_url":"https:\/\/w-maintenance.pro\/en\/privacy-policy\/","og_site_name":"Maintenance Wordpress |\u00a0Les Experts Wordpress","article_modified_time":"2021-11-17T13:23:06+00:00","og_image":[{"width":512,"height":512,"url":"https:\/\/w-maintenance.pro\/wp-content\/uploads\/2021\/11\/cropped-wordpress-maintenance-logo.png","type":"image\/png"}],"twitter_card":"summary_large_image","twitter_misc":{"Est. reading time":"4 minutes"},"schema":{"@context":"https:\/\/schema.org","@graph":[{"@type":"WebPage","@id":"https:\/\/w-maintenance.pro\/politique-de-confidentialite\/","url":"https:\/\/w-maintenance.pro\/politique-de-confidentialite\/","name":"Politique de confidentialit\u00e9 | Maintenance Wordpress |\u00a0Les Experts Wordpress","isPartOf":{"@id":"https:\/\/w-maintenance.pro\/#website"},"datePublished":"2021-07-06T13:06:43+00:00","dateModified":"2021-11-17T13:23:06+00:00","breadcrumb":{"@id":"https:\/\/w-maintenance.pro\/politique-de-confidentialite\/#breadcrumb"},"inLanguage":"en-US","potentialAction":[{"@type":"ReadAction","target":["https:\/\/w-maintenance.pro\/politique-de-confidentialite\/"]}]},{"@type":"BreadcrumbList","@id":"https:\/\/w-maintenance.pro\/politique-de-confidentialite\/#breadcrumb","itemListElement":[{"@type":"ListItem","position":1,"name":"Accueil","item":"https:\/\/w-maintenance.pro\/"},{"@type":"ListItem","position":2,"name":"Politique de confidentialit\u00e9"}]},{"@type":"WebSite","@id":"https:\/\/w-maintenance.pro\/#website","url":"https:\/\/w-maintenance.pro\/","name":"Maintenance Wordpress |\u00a0Vos Experts Wordpress","description":"Support et Maintenance Wordpress","publisher":{"@id":"https:\/\/w-maintenance.pro\/#organization"},"potentialAction":[{"@type":"SearchAction","target":{"@type":"EntryPoint","urlTemplate":"https:\/\/w-maintenance.pro\/?s={search_term_string}"},"query-input":{"@type":"PropertyValueSpecification","valueRequired":true,"valueName":"search_term_string"}}],"inLanguage":"en-US"},{"@type":"Organization","@id":"https:\/\/w-maintenance.pro\/#organization","name":"Wordpress Maintenance |\u00a0W Maintenance Pro","url":"https:\/\/w-maintenance.pro\/","logo":{"@type":"ImageObject","inLanguage":"en-US","@id":"https:\/\/w-maintenance.pro\/#\/schema\/logo\/image\/","url":"https:\/\/w-maintenance.pro\/wp-content\/uploads\/2021\/11\/cropped-wordpress-maintenance-logo.png","contentUrl":"https:\/\/w-maintenance.pro\/wp-content\/uploads\/2021\/11\/cropped-wordpress-maintenance-logo.png","width":512,"height":512,"caption":"Wordpress Maintenance |\u00a0W Maintenance Pro"},"image":{"@id":"https:\/\/w-maintenance.pro\/#\/schema\/logo\/image\/"}}]}},"_links":{"self":[{"href":"https:\/\/w-maintenance.pro\/en\/wp-json\/wp\/v2\/pages\/3","targetHints":{"allow":["GET"]}}],"collection":[{"href":"https:\/\/w-maintenance.pro\/en\/wp-json\/wp\/v2\/pages"}],"about":[{"href":"https:\/\/w-maintenance.pro\/en\/wp-json\/wp\/v2\/types\/page"}],"author":[{"embeddable":true,"href":"https:\/\/w-maintenance.pro\/en\/wp-json\/wp\/v2\/users\/1"}],"replies":[{"embeddable":true,"href":"https:\/\/w-maintenance.pro\/en\/wp-json\/wp\/v2\/comments?post=3"}],"version-history":[{"count":2,"href":"https:\/\/w-maintenance.pro\/en\/wp-json\/wp\/v2\/pages\/3\/revisions"}],"predecessor-version":[{"id":647,"href":"https:\/\/w-maintenance.pro\/en\/wp-json\/wp\/v2\/pages\/3\/revisions\/647"}],"wp:attachment":[{"href":"https:\/\/w-maintenance.pro\/en\/wp-json\/wp\/v2\/media?parent=3"}],"curies":[{"name":"wp","href":"https:\/\/api.w.org\/{rel}","templated":true}]}}